{"id":737,"date":"2021-03-03T08:42:27","date_gmt":"2021-03-03T08:42:27","guid":{"rendered":"https:\/\/themetechmount.com\/wordpress\/fablio\/?page_id=737"},"modified":"2023-05-22T15:41:55","modified_gmt":"2023-05-22T18:41:55","slug":"produtos","status":"publish","type":"page","link":"https:\/\/atlantaquimica.com.br\/index.php\/produtos\/","title":{"rendered":"Produtos"},"content":{"rendered":"<p>[vc_row tm_bgimagefixed=&#8221;&#8221; css=&#8221;.vc_custom_1681242729636{padding-bottom: 0px !important;}&#8221;][vc_column][vc_column_text]Possu\u00edmos toda a infraestrutura voltada \u00e0 armazenagem e distribui\u00e7\u00e3o de produtos qu\u00edmicos, atendendo aos segmentos industriais, tais como: automobil\u00edstico, tintas e vernizes, rotogravuras, galvanoplastia, constru\u00e7\u00e3o, metalurgia, moveleiro e outros.<\/p>\n<p>Aqui voc\u00ea tem acesso a todos os dados t\u00e9cnicos dos produtos distribu\u00eddos: Ficha de Emerg\u00eancia, Especifica\u00e7\u00f5es T\u00e9cnicas e a FISPQ (Ficha de Informa\u00e7\u00e3o e Seguran\u00e7a de Produtos Qu\u00edmicos) que traz todas as informa\u00e7\u00f5es necess\u00e1rias, desde a identifica\u00e7\u00e3o do produto at\u00e9 transporte e regulamenta\u00e7\u00f5es.[\/vc_column_text][\/vc_column][\/vc_row][vc_row][vc_column width=&#8221;3\/12&#8243;]<div class=\"themetechmount-iconbox themetechmount-iconbox-styletwo \">\n\t<div class=\"themetechmount-iconbox-inner\">\n\t\t<div class=\"tm-iconbox-wrapper tm-wrap\">\n\t\t\t<div class=\"themetechmount-iconbox-icon tm-wrap-cell\">\n\t\t\t\t<div class=\"tm-box-icon\"><i class=\"fa fa-circle\"><\/i><\/div>\t\n\t\t\t<\/div>\n\t\t\t<div class=\"themetechmount-iconbox-heading tm-wrap-cell\">\n\t\t\t\t<div class=\"tm-vc_general tm-vc_cta3 tm-cta3-only tm-vc_cta3-style-classic tm-vc_cta3-shape-rounded tm-vc_cta3-align-left tm-vc_cta3-color-transparent tm-vc_cta3-icon-size-md tm-vc_cta3-actions-no tm-cta3-without-desc\"><div class=\"tm-vc_cta3_content-container\"><div class=\"tm-vc_cta3-content\"><header class=\"tm-vc_cta3-content-header tm-wrap\"><div class=\"tm-vc_cta3-headers tm-wrap-cell\"><h2 class=\"tm-custom-heading \">Cetonas<\/h2>\n<\/div><div class=\"heading-seperator\"><span><\/span><\/div><\/header><\/div><\/div><\/div>\t\t\t<\/div>\n\t\t<\/div>\n\t\t\t<div class=\"tm-iconbox-boxcontent\">\t\t\t\n\t\t\t\t\t\t\t<div class=\"themetechmount-iconbox-button\">\n\t\t\t\t\t\t\t\t\t<\/div>\n\t\t\t<\/div>\t\n\t<\/div>\t\n<\/div>\n[vc_custom_heading text=&#8221;Acetona &#8211; 1090&#8243; font_container=&#8221;tag:p|text_align:left|color:%23000000&#8243; google_fonts=&#8221;font_family:Roboto%3A100%2C100italic%2C300%2C300italic%2Cregular%2Citalic%2C500%2C500italic%2C700%2C700italic%2C900%2C900italic|font_style:400%20regular%3A400%3Anormal&#8221; link=&#8221;url:https%3A%2F%2Fatlantaquimica.com.br%2Findex.php%2Fservice%2Fengineering%2F|title:Acetona&#8221; el_class=&#8221;item-produtos&#8221;][vc_custom_heading text=&#8221;Ciclohexanona &#8211; 1915&#8243; font_container=&#8221;tag:p|text_align:left|color:%23000000&#8243; google_fonts=&#8221;font_family:Roboto%3A100%2C100italic%2C300%2C300italic%2Cregular%2Citalic%2C500%2C500italic%2C700%2C700italic%2C900%2C900italic|font_style:400%20regular%3A400%3Anormal&#8221; link=&#8221;url:https%3A%2F%2Fatlantaquimica.com.br%2Findex.php%2Fservice%2Fciclohexanona%2F|title:Acetona&#8221; el_class=&#8221;item-produtos&#8221;][vc_custom_heading text=&#8221;Metil Etil Cetona (Mek) &#8211; 1193&#8243; font_container=&#8221;tag:p|text_align:left|color:%23000000&#8243; google_fonts=&#8221;font_family:Roboto%3A100%2C100italic%2C300%2C300italic%2Cregular%2Citalic%2C500%2C500italic%2C700%2C700italic%2C900%2C900italic|font_style:400%20regular%3A400%3Anormal&#8221; link=&#8221;url:https%3A%2F%2Fatlantaquimica.com.br%2Findex.php%2Fservice%2Fmetil-etil-cetona-mek%2F|title:Acetona&#8221; el_class=&#8221;item-produtos&#8221;][vc_custom_heading text=&#8221;Metil Isobutil Cetona (MIBK) &#8211; 1245&#8243; font_container=&#8221;tag:p|text_align:left|color:%23000000&#8243; google_fonts=&#8221;font_family:Roboto%3A100%2C100italic%2C300%2C300italic%2Cregular%2Citalic%2C500%2C500italic%2C700%2C700italic%2C900%2C900italic|font_style:400%20regular%3A400%3Anormal&#8221; link=&#8221;url:https%3A%2F%2Fatlantaquimica.com.br%2Findex.php%2Fservice%2Fmetil-isobutil-cetona-mibk%2F|title:Metil%20Isobutil%20Cetona%20(MIBK)&#8221; el_class=&#8221;item-produtos&#8221;][\/vc_column][vc_column width=&#8221;4\/12&#8243;]<div class=\"themetechmount-iconbox themetechmount-iconbox-styletwo \">\n\t<div class=\"themetechmount-iconbox-inner\">\n\t\t<div class=\"tm-iconbox-wrapper tm-wrap\">\n\t\t\t<div class=\"themetechmount-iconbox-icon tm-wrap-cell\">\n\t\t\t\t<div class=\"tm-box-icon\"><i class=\"fa fa-circle\"><\/i><\/div>\t\n\t\t\t<\/div>\n\t\t\t<div class=\"themetechmount-iconbox-heading tm-wrap-cell\">\n\t\t\t\t<div class=\"tm-vc_general tm-vc_cta3 tm-cta3-only tm-vc_cta3-style-classic tm-vc_cta3-shape-rounded tm-vc_cta3-align-left tm-vc_cta3-color-transparent tm-vc_cta3-icon-size-md tm-vc_cta3-actions-no tm-cta3-without-desc\"><div class=\"tm-vc_cta3_content-container\"><div class=\"tm-vc_cta3-content\"><header class=\"tm-vc_cta3-content-header tm-wrap\"><div class=\"tm-vc_cta3-headers tm-wrap-cell\"><h2 class=\"tm-custom-heading \">Alc\u00f3ois<\/h2>\n<\/div><div class=\"heading-seperator\"><span><\/span><\/div><\/header><\/div><\/div><\/div>\t\t\t<\/div>\n\t\t<\/div>\n\t\t\t<div class=\"tm-iconbox-boxcontent\">\t\t\t\n\t\t\t\t\t\t\t<div class=\"themetechmount-iconbox-button\">\n\t\t\t\t\t\t\t\t\t<\/div>\n\t\t\t<\/div>\t\n\t<\/div>\t\n<\/div>\n[vc_custom_heading text=&#8221;\u00c1lcool Isobutanol (Isobutanol) &#8211; 1212&#8243; font_container=&#8221;tag:p|text_align:left|color:%23000000&#8243; google_fonts=&#8221;font_family:Roboto%3A100%2C100italic%2C300%2C300italic%2Cregular%2Citalic%2C500%2C500italic%2C700%2C700italic%2C900%2C900italic|font_style:400%20regular%3A400%3Anormal&#8221; link=&#8221;url:https%3A%2F%2Fatlantaquimica.com.br%2Findex.php%2Fservice%2Falcool-etilico-anidro%2F|title:Hexano&#8221; el_class=&#8221;item-produtos&#8221;][vc_custom_heading text=&#8221;\u00c1lcool Isoprop\u00edlico (Isopropanol) &#8211; 1219&#8243; font_container=&#8221;tag:p|text_align:left|color:%23000000&#8243; google_fonts=&#8221;font_family:Roboto%3A100%2C100italic%2C300%2C300italic%2Cregular%2Citalic%2C500%2C500italic%2C700%2C700italic%2C900%2C900italic|font_style:400%20regular%3A400%3Anormal&#8221; link=&#8221;url:https%3A%2F%2Fatlantaquimica.com.br%2Findex.php%2Fservice%2Fisopropanol-ipa%2F|title:isopropanol&#8221; el_class=&#8221;item-produtos&#8221;][vc_custom_heading text=&#8221;\u00c1lcool Met\u00edlico (Metanol) &#8211; 1230&#8243; font_container=&#8221;tag:p|text_align:left|color:%23000000&#8243; google_fonts=&#8221;font_family:Roboto%3A100%2C100italic%2C300%2C300italic%2Cregular%2Citalic%2C500%2C500italic%2C700%2C700italic%2C900%2C900italic|font_style:400%20regular%3A400%3Anormal&#8221; link=&#8221;url:https%3A%2F%2Fatlantaquimica.com.br%2Findex.php%2Fservice%2Fmetanol%2F|title:Tolueno&#8221; el_class=&#8221;item-produtos&#8221;][\/vc_column][vc_column width=&#8221;3\/12&#8243;]<div class=\"themetechmount-iconbox themetechmount-iconbox-styletwo \">\n\t<div class=\"themetechmount-iconbox-inner\">\n\t\t<div class=\"tm-iconbox-wrapper tm-wrap\">\n\t\t\t<div class=\"themetechmount-iconbox-icon tm-wrap-cell\">\n\t\t\t\t<div class=\"tm-box-icon\"><i class=\"fa fa-circle\"><\/i><\/div>\t\n\t\t\t<\/div>\n\t\t\t<div class=\"themetechmount-iconbox-heading tm-wrap-cell\">\n\t\t\t\t<div class=\"tm-vc_general tm-vc_cta3 tm-cta3-only tm-vc_cta3-style-classic tm-vc_cta3-shape-rounded tm-vc_cta3-align-left tm-vc_cta3-color-transparent tm-vc_cta3-icon-size-md tm-vc_cta3-actions-no tm-cta3-without-desc\"><div class=\"tm-vc_cta3_content-container\"><div class=\"tm-vc_cta3-content\"><header class=\"tm-vc_cta3-content-header tm-wrap\"><div class=\"tm-vc_cta3-headers tm-wrap-cell\"><h2 class=\"tm-custom-heading \">Hidrocarbonetos<\/h2>\n<\/div><div class=\"heading-seperator\"><span><\/span><\/div><\/header><\/div><\/div><\/div>\t\t\t<\/div>\n\t\t<\/div>\n\t\t\t<div class=\"tm-iconbox-boxcontent\">\t\t\t\n\t\t\t\t\t\t\t<div class=\"themetechmount-iconbox-button\">\n\t\t\t\t\t\t\t\t\t<\/div>\n\t\t\t<\/div>\t\n\t<\/div>\t\n<\/div>\n[vc_custom_heading text=&#8221;Hexano &#8211; 1208&#8243; font_container=&#8221;tag:p|text_align:left|color:%23000000&#8243; google_fonts=&#8221;font_family:Roboto%3A100%2C100italic%2C300%2C300italic%2Cregular%2Citalic%2C500%2C500italic%2C700%2C700italic%2C900%2C900italic|font_style:400%20regular%3A400%3Anormal&#8221; link=&#8221;url:https%3A%2F%2Fatlantaquimica.com.br%2Findex.php%2Fservice%2Fhexano%2F|title:Hexano&#8221; el_class=&#8221;item-produtos&#8221;][vc_custom_heading text=&#8221;Tolueno &#8211; 1294&#8243; font_container=&#8221;tag:p|text_align:left|color:%23000000&#8243; google_fonts=&#8221;font_family:Roboto%3A100%2C100italic%2C300%2C300italic%2Cregular%2Citalic%2C500%2C500italic%2C700%2C700italic%2C900%2C900italic|font_style:400%20regular%3A400%3Anormal&#8221; link=&#8221;url:https%3A%2F%2Fatlantaquimica.com.br%2Findex.php%2Fservice%2Fthinner%2F|title:Tolueno&#8221; el_class=&#8221;item-produtos&#8221;][vc_custom_heading text=&#8221;Xileno &#8211; 1307&#8243; font_container=&#8221;tag:p|text_align:left|color:%23000000&#8243; google_fonts=&#8221;font_family:Roboto%3A100%2C100italic%2C300%2C300italic%2Cregular%2Citalic%2C500%2C500italic%2C700%2C700italic%2C900%2C900italic|font_style:400%20regular%3A400%3Anormal&#8221; link=&#8221;url:https%3A%2F%2Fatlantaquimica.com.br%2Findex.php%2Fservice%2Fxileno%2F|title:Tolueno&#8221; el_class=&#8221;item-produtos&#8221;][vc_custom_heading text=&#8221;Aguarr\u00e1s &#8211; 1268&#8243; font_container=&#8221;tag:p|text_align:left|color:%23000000&#8243; google_fonts=&#8221;font_family:Roboto%3A100%2C100italic%2C300%2C300italic%2Cregular%2Citalic%2C500%2C500italic%2C700%2C700italic%2C900%2C900italic|font_style:400%20regular%3A400%3Anormal&#8221; link=&#8221;url:https%3A%2F%2Fatlantaquimica.com.br%2Findex.php%2Fservice%2Faguarras%2F|title:Aguarr%C3%A1s&#8221; el_class=&#8221;item-produtos&#8221;][\/vc_column][vc_column width=&#8221;2\/12&#8243;]<div class=\"themetechmount-iconbox themetechmount-iconbox-styletwo \">\n\t<div class=\"themetechmount-iconbox-inner\">\n\t\t<div class=\"tm-iconbox-wrapper tm-wrap\">\n\t\t\t<div class=\"themetechmount-iconbox-icon tm-wrap-cell\">\n\t\t\t\t<div class=\"tm-box-icon\"><i class=\"fa fa-circle\"><\/i><\/div>\t\n\t\t\t<\/div>\n\t\t\t<div class=\"themetechmount-iconbox-heading tm-wrap-cell\">\n\t\t\t\t<div class=\"tm-vc_general tm-vc_cta3 tm-cta3-only tm-vc_cta3-style-classic tm-vc_cta3-shape-rounded tm-vc_cta3-align-left tm-vc_cta3-color-transparent tm-vc_cta3-icon-size-md tm-vc_cta3-actions-no tm-cta3-without-desc\"><div class=\"tm-vc_cta3_content-container\"><div class=\"tm-vc_cta3-content\"><header class=\"tm-vc_cta3-content-header tm-wrap\"><div class=\"tm-vc_cta3-headers tm-wrap-cell\"><h2 class=\"tm-custom-heading \">Glicois<\/h2>\n<\/div><div class=\"heading-seperator\"><span><\/span><\/div><\/header><\/div><\/div><\/div>\t\t\t<\/div>\n\t\t<\/div>\n\t\t\t<div class=\"tm-iconbox-boxcontent\">\t\t\t\n\t\t\t\t\t\t\t<div class=\"themetechmount-iconbox-button\">\n\t\t\t\t\t\t\t\t\t<\/div>\n\t\t\t<\/div>\t\n\t<\/div>\t\n<\/div>\n[vc_custom_heading text=&#8221;Butil Glicol&#8221; font_container=&#8221;tag:p|text_align:left|color:%23000000&#8243; google_fonts=&#8221;font_family:Roboto%3A100%2C100italic%2C300%2C300italic%2Cregular%2Citalic%2C500%2C500italic%2C700%2C700italic%2C900%2C900italic|font_style:400%20regular%3A400%3Anormal&#8221; link=&#8221;url:https%3A%2F%2Fatlantaquimica.com.br%2Findex.php%2Fservice%2Fbutil-glicol%2F|title:Butil%20Glicol&#8221; el_class=&#8221;item-produtos&#8221;][vc_custom_heading text=&#8221;Monoetilenoglicol&#8221; font_container=&#8221;tag:p|text_align:left|color:%23000000&#8243; google_fonts=&#8221;font_family:Roboto%3A100%2C100italic%2C300%2C300italic%2Cregular%2Citalic%2C500%2C500italic%2C700%2C700italic%2C900%2C900italic|font_style:400%20regular%3A400%3Anormal&#8221; link=&#8221;url:https%3A%2F%2Fatlantaquimica.com.br%2Findex.php%2Fservice%2Fmonoetilenoglicol%2F|title:Monoetilenoglicol&#8221; el_class=&#8221;item-produtos&#8221;][vc_custom_heading text=&#8221;Dietilenoglicol&#8221; font_container=&#8221;tag:p|text_align:left|color:%23000000&#8243; google_fonts=&#8221;font_family:Roboto%3A100%2C100italic%2C300%2C300italic%2Cregular%2Citalic%2C500%2C500italic%2C700%2C700italic%2C900%2C900italic|font_style:400%20regular%3A400%3Anormal&#8221; link=&#8221;url:https%3A%2F%2Fatlantaquimica.com.br%2Findex.php%2Fservice%2Fdietilenoglicol%2F|title:Dietilenoglicol&#8221; el_class=&#8221;item-produtos&#8221;][\/vc_column][\/vc_row][vc_row tm_bgimagefixed=&#8221;&#8221; css=&#8221;.vc_custom_1680729113935{padding-top: 0px !important;}&#8221;][vc_column width=&#8221;1\/4&#8243;]<div class=\"themetechmount-iconbox themetechmount-iconbox-styletwo \">\n\t<div class=\"themetechmount-iconbox-inner\">\n\t\t<div class=\"tm-iconbox-wrapper tm-wrap\">\n\t\t\t<div class=\"themetechmount-iconbox-icon tm-wrap-cell\">\n\t\t\t\t<div class=\"tm-box-icon\"><i class=\"fa fa-circle\"><\/i><\/div>\t\n\t\t\t<\/div>\n\t\t\t<div class=\"themetechmount-iconbox-heading tm-wrap-cell\">\n\t\t\t\t<div class=\"tm-vc_general tm-vc_cta3 tm-cta3-only tm-vc_cta3-style-classic tm-vc_cta3-shape-rounded tm-vc_cta3-align-left tm-vc_cta3-color-transparent tm-vc_cta3-icon-size-md tm-vc_cta3-actions-no tm-cta3-without-desc\"><div class=\"tm-vc_cta3_content-container\"><div class=\"tm-vc_cta3-content\"><header class=\"tm-vc_cta3-content-header tm-wrap\"><div class=\"tm-vc_cta3-headers tm-wrap-cell\"><h2 class=\"tm-custom-heading \">Acidos<\/h2>\n<\/div><div class=\"heading-seperator\"><span><\/span><\/div><\/header><\/div><\/div><\/div>\t\t\t<\/div>\n\t\t<\/div>\n\t\t\t<div class=\"tm-iconbox-boxcontent\">\t\t\t\n\t\t\t\t\t\t\t<div class=\"themetechmount-iconbox-button\">\n\t\t\t\t\t\t\t\t\t<\/div>\n\t\t\t<\/div>\t\n\t<\/div>\t\n<\/div>\n[vc_custom_heading text=&#8221;Acido Ac\u00e9tico Glacial &#8211; 2789&#8243; font_container=&#8221;tag:p|text_align:left|color:%23000000&#8243; google_fonts=&#8221;font_family:Roboto%3A100%2C100italic%2C300%2C300italic%2Cregular%2Citalic%2C500%2C500italic%2C700%2C700italic%2C900%2C900italic|font_style:400%20regular%3A400%3Anormal&#8221; link=&#8221;url:https%3A%2F%2Fatlantaquimica.com.br%2Findex.php%2Fservice%2Fmanufacture%2F|title:%C3%81cido%20Ac%C3%A9tico%20Glacial&#8221; el_class=&#8221;item-produtos&#8221;][\/vc_column][vc_column width=&#8221;1\/4&#8243;]<div class=\"themetechmount-iconbox themetechmount-iconbox-styletwo \">\n\t<div class=\"themetechmount-iconbox-inner\">\n\t\t<div class=\"tm-iconbox-wrapper tm-wrap\">\n\t\t\t<div class=\"themetechmount-iconbox-icon tm-wrap-cell\">\n\t\t\t\t<div class=\"tm-box-icon\"><i class=\"fa fa-circle\"><\/i><\/div>\t\n\t\t\t<\/div>\n\t\t\t<div class=\"themetechmount-iconbox-heading tm-wrap-cell\">\n\t\t\t\t<div class=\"tm-vc_general tm-vc_cta3 tm-cta3-only tm-vc_cta3-style-classic tm-vc_cta3-shape-rounded tm-vc_cta3-align-left tm-vc_cta3-color-transparent tm-vc_cta3-icon-size-md tm-vc_cta3-actions-no tm-cta3-without-desc\"><div class=\"tm-vc_cta3_content-container\"><div class=\"tm-vc_cta3-content\"><header class=\"tm-vc_cta3-content-header tm-wrap\"><div class=\"tm-vc_cta3-headers tm-wrap-cell\"><h2 class=\"tm-custom-heading \">Clorados<\/h2>\n<\/div><div class=\"heading-seperator\"><span><\/span><\/div><\/header><\/div><\/div><\/div>\t\t\t<\/div>\n\t\t<\/div>\n\t\t\t<div class=\"tm-iconbox-boxcontent\">\t\t\t\n\t\t\t\t\t\t\t<div class=\"themetechmount-iconbox-button\">\n\t\t\t\t\t\t\t\t\t<\/div>\n\t\t\t<\/div>\t\n\t<\/div>\t\n<\/div>\n[vc_custom_heading text=&#8221;Cloreto de Metileno &#8211; 1593&#8243; font_container=&#8221;tag:p|text_align:left|color:%23000000&#8243; google_fonts=&#8221;font_family:Roboto%3A100%2C100italic%2C300%2C300italic%2Cregular%2Citalic%2C500%2C500italic%2C700%2C700italic%2C900%2C900italic|font_style:400%20regular%3A400%3Anormal&#8221; link=&#8221;url:https%3A%2F%2Fatlantaquimica.com.br%2Findex.php%2Fservice%2Fcloreto-de-metileno%2F|title:Cloreto%20de%20Metileno&#8221; el_class=&#8221;item-produtos&#8221;][\/vc_column][vc_column width=&#8221;1\/4&#8243;]<div class=\"themetechmount-iconbox themetechmount-iconbox-styletwo \">\n\t<div class=\"themetechmount-iconbox-inner\">\n\t\t<div class=\"tm-iconbox-wrapper tm-wrap\">\n\t\t\t<div class=\"themetechmount-iconbox-icon tm-wrap-cell\">\n\t\t\t\t<div class=\"tm-box-icon\"><i class=\"fa fa-circle\"><\/i><\/div>\t\n\t\t\t<\/div>\n\t\t\t<div class=\"themetechmount-iconbox-heading tm-wrap-cell\">\n\t\t\t\t<div class=\"tm-vc_general tm-vc_cta3 tm-cta3-only tm-vc_cta3-style-classic tm-vc_cta3-shape-rounded tm-vc_cta3-align-left tm-vc_cta3-color-transparent tm-vc_cta3-icon-size-md tm-vc_cta3-actions-no tm-cta3-without-desc\"><div class=\"tm-vc_cta3_content-container\"><div class=\"tm-vc_cta3-content\"><header class=\"tm-vc_cta3-content-header tm-wrap\"><div class=\"tm-vc_cta3-headers tm-wrap-cell\"><h2 class=\"tm-custom-heading \">Esteres<\/h2>\n<\/div><div class=\"heading-seperator\"><span><\/span><\/div><\/header><\/div><\/div><\/div>\t\t\t<\/div>\n\t\t<\/div>\n\t\t\t<div class=\"tm-iconbox-boxcontent\">\t\t\t\n\t\t\t\t\t\t\t<div class=\"themetechmount-iconbox-button\">\n\t\t\t\t\t\t\t\t\t<\/div>\n\t\t\t<\/div>\t\n\t<\/div>\t\n<\/div>\n[vc_custom_heading text=&#8221;Acetato de Butila &#8211; 1123&#8243; font_container=&#8221;tag:p|text_align:left|color:%23000000&#8243; google_fonts=&#8221;font_family:Roboto%3A100%2C100italic%2C300%2C300italic%2Cregular%2Citalic%2C500%2C500italic%2C700%2C700italic%2C900%2C900italic|font_style:400%20regular%3A400%3Anormal&#8221; link=&#8221;url:https%3A%2F%2Fatlantaquimica.com.br%2Findex.php%2Fservice%2Ffabric-printing%2F|title:Acetato%20de%20Butila&#8221; el_class=&#8221;item-produtos&#8221;][vc_custom_heading text=&#8221;Acetato de Etila &#8211; 1173&#8243; font_container=&#8221;tag:p|text_align:left|color:%23000000&#8243; google_fonts=&#8221;font_family:Roboto%3A100%2C100italic%2C300%2C300italic%2Cregular%2Citalic%2C500%2C500italic%2C700%2C700italic%2C900%2C900italic|font_style:400%20regular%3A400%3Anormal&#8221; link=&#8221;url:https%3A%2F%2Fatlantaquimica.com.br%2Findex.php%2Fservice%2Ffabric-dyeing%2F|title:Acetato%20de%20Etila&#8221; el_class=&#8221;item-produtos&#8221;][\/vc_column][vc_column width=&#8221;1\/4&#8243;]<div class=\"themetechmount-iconbox themetechmount-iconbox-styletwo \">\n\t<div class=\"themetechmount-iconbox-inner\">\n\t\t<div class=\"tm-iconbox-wrapper tm-wrap\">\n\t\t\t<div class=\"themetechmount-iconbox-icon tm-wrap-cell\">\n\t\t\t\t<div class=\"tm-box-icon\"><i class=\"fa fa-circle\"><\/i><\/div>\t\n\t\t\t<\/div>\n\t\t\t<div class=\"themetechmount-iconbox-heading tm-wrap-cell\">\n\t\t\t\t<div class=\"tm-vc_general tm-vc_cta3 tm-cta3-only tm-vc_cta3-style-classic tm-vc_cta3-shape-rounded tm-vc_cta3-align-left tm-vc_cta3-color-transparent tm-vc_cta3-icon-size-md tm-vc_cta3-actions-no tm-cta3-without-desc\"><div class=\"tm-vc_cta3_content-container\"><div class=\"tm-vc_cta3-content\"><header class=\"tm-vc_cta3-content-header tm-wrap\"><div class=\"tm-vc_cta3-headers tm-wrap-cell\"><h2 class=\"tm-custom-heading \">Outros<\/h2>\n<\/div><div class=\"heading-seperator\"><span><\/span><\/div><\/header><\/div><\/div><\/div>\t\t\t<\/div>\n\t\t<\/div>\n\t\t\t<div class=\"tm-iconbox-boxcontent\">\t\t\t\n\t\t\t\t\t\t\t<div class=\"themetechmount-iconbox-button\">\n\t\t\t\t\t\t\t\t\t<\/div>\n\t\t\t<\/div>\t\n\t<\/div>\t\n<\/div>\n[vc_custom_heading text=&#8221;Metilato de S\u00f3dio &#8211; 1289&#8243; font_container=&#8221;tag:p|text_align:left|color:%23000000&#8243; google_fonts=&#8221;font_family:Roboto%3A100%2C100italic%2C300%2C300italic%2Cregular%2Citalic%2C500%2C500italic%2C700%2C700italic%2C900%2C900italic|font_style:400%20regular%3A400%3Anormal&#8221; link=&#8221;url:https%3A%2F%2Fatlantaquimica.com.br%2Findex.php%2Fservice%2Fmetilato-de-sodio-30%2F|title:Metilato%20de%20S%C3%B3dio%20&#8243; el_class=&#8221;item-produtos&#8221;][\/vc_column][\/vc_row]<\/p>\n","protected":false},"excerpt":{"rendered":"<p>[vc_row tm_bgimagefixed=&#8221;&#8221; css=&#8221;.vc_custom_1681242729636{padding-bottom: 0px !important;}&#8221;][vc_column][vc_column_text]Possu\u00edmos toda a infraestrutura voltada \u00e0 armazenagem e distribui\u00e7\u00e3o de produtos qu\u00edmicos, atendendo aos segmentos industriais, tais como: automobil\u00edstico, tintas e vernizes, rotogravuras, galvanoplastia, constru\u00e7\u00e3o, metalurgia, moveleiro e outros. Aqui voc\u00ea tem acesso a todos os dados t\u00e9cnicos dos produtos distribu\u00eddos: Ficha de Emerg\u00eancia, Especifica\u00e7\u00f5es T\u00e9cnicas e a FISPQ (Ficha de &hellip; <a href=\"https:\/\/atlantaquimica.com.br\/index.php\/produtos\/\" class=\"more-link\">Continue reading <span class=\"screen-reader-text\">Produtos<\/span><\/a><\/p>\n","protected":false},"author":1,"featured_media":0,"parent":0,"menu_order":0,"comment_status":"closed","ping_status":"closed","template":"","meta":{"_joinchat":[]},"_links":{"self":[{"href":"https:\/\/atlantaquimica.com.br\/index.php\/wp-json\/wp\/v2\/pages\/737"}],"collection":[{"href":"https:\/\/atlantaquimica.com.br\/index.php\/wp-json\/wp\/v2\/pages"}],"about":[{"href":"https:\/\/atlantaquimica.com.br\/index.php\/wp-json\/wp\/v2\/types\/page"}],"author":[{"embeddable":true,"href":"https:\/\/atlantaquimica.com.br\/index.php\/wp-json\/wp\/v2\/users\/1"}],"replies":[{"embeddable":true,"href":"https:\/\/atlantaquimica.com.br\/index.php\/wp-json\/wp\/v2\/comments?post=737"}],"version-history":[{"count":39,"href":"https:\/\/atlantaquimica.com.br\/index.php\/wp-json\/wp\/v2\/pages\/737\/revisions"}],"predecessor-version":[{"id":2301,"href":"https:\/\/atlantaquimica.com.br\/index.php\/wp-json\/wp\/v2\/pages\/737\/revisions\/2301"}],"wp:attachment":[{"href":"https:\/\/atlantaquimica.com.br\/index.php\/wp-json\/wp\/v2\/media?parent=737"}],"curies":[{"name":"wp","href":"https:\/\/api.w.org\/{rel}","templated":true}]}}