{"id":1851,"date":"2023-03-06T17:11:36","date_gmt":"2023-03-06T20:11:36","guid":{"rendered":"https:\/\/atlantaquimica.com.br\/?page_id=1851"},"modified":"2023-05-25T14:37:10","modified_gmt":"2023-05-25T17:37:10","slug":"sustentabilidade","status":"publish","type":"page","link":"https:\/\/atlantaquimica.com.br\/index.php\/sustentabilidade\/","title":{"rendered":"Sustentabilidade"},"content":{"rendered":"<p>[vc_row][vc_column width=&#8221;1\/2&#8243;][vc_column_text]O desenvolvimento sustent\u00e1vel \u00e9 um caminho trilhado diariamente, com respeito m\u00fatuo e consci\u00eancia de todos.<\/p>\n<p>Nossa empresa desenvolve a\u00e7\u00f5es ambientais, econ\u00f4micas e socialmente sustent\u00e1veis, buscando sempre a qualidade de trabalho dos nossos colaboradores e o bem estar da comunidade ao redor.<\/p>\n<p>Possu\u00edmos diques de conten\u00e7\u00e3o em todas as \u00e1reas de manuseio de produtos, a fim de proteger a popula\u00e7\u00e3o local e as nascentes d&#8217;agua, de qualquer risco de contamina\u00e7\u00e3o, em caso acidente.[\/vc_column_text][\/vc_column][vc_column width=&#8221;1\/2&#8243;][vc_single_image image=&#8221;2373&#8243; img_size=&#8221;500&#215;400&#8243;][\/vc_column][\/vc_row]<\/p>\n","protected":false},"excerpt":{"rendered":"<p>[vc_row][vc_column width=&#8221;1\/2&#8243;][vc_column_text]O desenvolvimento sustent\u00e1vel \u00e9 um caminho trilhado diariamente, com respeito m\u00fatuo e consci\u00eancia de todos. Nossa empresa desenvolve a\u00e7\u00f5es ambientais, econ\u00f4micas e socialmente sustent\u00e1veis, buscando sempre a qualidade de trabalho dos nossos colaboradores e o bem estar da comunidade ao redor. Possu\u00edmos diques de conten\u00e7\u00e3o em todas as \u00e1reas de manuseio de produtos, a &hellip; <a href=\"https:\/\/atlantaquimica.com.br\/index.php\/sustentabilidade\/\" class=\"more-link\">Continue reading <span class=\"screen-reader-text\">Sustentabilidade<\/span><\/a><\/p>\n","protected":false},"author":1,"featured_media":0,"parent":0,"menu_order":0,"comment_status":"closed","ping_status":"closed","template":"","meta":{"_joinchat":[]},"_links":{"self":[{"href":"https:\/\/atlantaquimica.com.br\/index.php\/wp-json\/wp\/v2\/pages\/1851"}],"collection":[{"href":"https:\/\/atlantaquimica.com.br\/index.php\/wp-json\/wp\/v2\/pages"}],"about":[{"href":"https:\/\/atlantaquimica.com.br\/index.php\/wp-json\/wp\/v2\/types\/page"}],"author":[{"embeddable":true,"href":"https:\/\/atlantaquimica.com.br\/index.php\/wp-json\/wp\/v2\/users\/1"}],"replies":[{"embeddable":true,"href":"https:\/\/atlantaquimica.com.br\/index.php\/wp-json\/wp\/v2\/comments?post=1851"}],"version-history":[{"count":8,"href":"https:\/\/atlantaquimica.com.br\/index.php\/wp-json\/wp\/v2\/pages\/1851\/revisions"}],"predecessor-version":[{"id":2375,"href":"https:\/\/atlantaquimica.com.br\/index.php\/wp-json\/wp\/v2\/pages\/1851\/revisions\/2375"}],"wp:attachment":[{"href":"https:\/\/atlantaquimica.com.br\/index.php\/wp-json\/wp\/v2\/media?parent=1851"}],"curies":[{"name":"wp","href":"https:\/\/api.w.org\/{rel}","templated":true}]}}